{"id":2813,"date":"2018-05-31T18:58:37","date_gmt":"2018-05-31T16:58:37","guid":{"rendered":"http:\/\/stemarguerite.hotel-webdesign.com\/?page_id=2813"},"modified":"2025-04-21T11:44:04","modified_gmt":"2025-04-21T09:44:04","slug":"histoire","status":"publish","type":"page","link":"https:\/\/www.ste-marguerite-sur-mer.fr\/de\/histoire\/","title":{"rendered":"Geschichte"},"content":{"rendered":"<p><div class=\"fusion-fullwidth fullwidth-box fusion-builder-row-1 nonhundred-percent-fullwidth non-hundred-percent-height-scrolling fusion-equal-height-columns\" style=\"background-color: rgba(255,255,255,0);background-position: center center;background-repeat: no-repeat;padding-top:0px;padding-right:30px;padding-bottom:0px;padding-left:30px;margin-bottom: 0px;margin-top: -40px;border-width: 0px 0px 0px 0px;border-color:#e7e4e2;border-style:solid;\" ><div class=\"fusion-builder-row fusion-row\"><div class=\"fusion-layout-column fusion_builder_column fusion-builder-column-0 fusion_builder_column_1_1 1_1 fusion-one-full fusion-column-first fusion-column-last\" style=\"margin-top:10px;margin-bottom:10px;\"><div class=\"fusion-column-wrapper fusion-flex-column-wrapper-legacy\" style=\"background-position:left top;background-repeat:no-repeat;-webkit-background-size:cover;-moz-background-size:cover;-o-background-size:cover;background-size:cover;padding: 0px 0px 0px 0px;\"><div class=\"fusion-column-content-centered\"><div class=\"fusion-column-content\"><div class=\"imageframe-align-center\"><span class=\"fusion-imageframe imageframe-none imageframe-1 hover-type-none fusion-animated\" id=\"blasoncentre\" data-animationtype=\"fadeInDown\" data-animationduration=\"0.3\" data-animationoffset=\"top-into-view\"><img decoding=\"async\" width=\"90\" height=\"99\" title=\"100X100 REWORDKED Blason_Sainte-Marguerite-sur-Mer - Kopie 2\" src=\"https:\/\/www.ste-marguerite-sur-mer.fr\/wp-content\/uploads\/2018\/04\/100X100-REWORDKED-Blason_Sainte-Marguerite-sur-Mer-copie-2.png\" alt class=\"img-responsive wp-image-1946\"\/><\/span><\/div><\/div><\/div><div class=\"fusion-clearfix\"><\/div><\/div><\/div><\/div><\/div>\n<div class=\"fusion-fullwidth fullwidth-box fusion-builder-row-2 nonhundred-percent-fullwidth non-hundred-percent-height-scrolling\" style=\"background-color: rgba(255,255,255,0);background-position: center center;background-repeat: no-repeat;padding-top:0px;padding-right:2%;padding-bottom:2%;padding-left:2%;margin-bottom: 0px;margin-top: 0px;border-width: 0px 0px 0px 0px;border-color:#e7e4e2;border-style:solid;\" ><div class=\"fusion-builder-row fusion-row\"><div class=\"fusion-layout-column fusion_builder_column fusion-builder-column-1 fusion_builder_column_1_1 1_1 fusion-one-full fusion-column-first fusion-column-last\" style=\"margin-top:10px;margin-bottom:10px;\"><div class=\"fusion-column-wrapper fusion-flex-column-wrapper-legacy\" style=\"background-position:left top;background-repeat:no-repeat;-webkit-background-size:cover;-moz-background-size:cover;-o-background-size:cover;background-size:cover;padding: 0px 3% 0px 0px;\"><div class=\"fusion-tabs fusion-tabs-1 classic vertical-tabs icon-position-left mobile-mode-accordion\"><style type=\"text\/css\">.fusion-tabs.fusion-tabs-1 .nav-tabs li a.tab-link{border-top-color:#edebea;background-color:#edebea;}.fusion-tabs.fusion-tabs-1 .nav-tabs{background-color:#ffffff;}.fusion-tabs.fusion-tabs-1 .nav-tabs li.active a.tab-link,.fusion-tabs.fusion-tabs-1 .nav-tabs li.active a.tab-link:hover,.fusion-tabs.fusion-tabs-1 .nav-tabs li.active a.tab-link:focus{border-right-color:#ffffff;}.fusion-tabs.fusion-tabs-1.classic .nav-tabs > li.active .tab-link, .fusion-tabs.fusion-tabs-1.classic .nav-tabs > li.active .tab-link:hover { border-color: #003d66;}.fusion-tabs.fusion-tabs-1 .nav-tabs li.active a.tab-link,.fusion-tabs.fusion-tabs-1 .nav-tabs li.active a.tab-link:hover,.fusion-tabs.fusion-tabs-1 .nav-tabs li.active a.tab-link:focus{background-color:#ffffff;}.fusion-tabs.fusion-tabs-1 .nav-tabs li a:hover{background-color:#ffffff;border-top-color:#ffffff;}.fusion-tabs.fusion-tabs-1 .tab-pane{background-color:#ffffff;}.fusion-tabs.fusion-tabs-1 .nav,.fusion-tabs.fusion-tabs-1 .nav-tabs,.fusion-tabs.fusion-tabs-1 .tab-content .tab-pane{border-color:#e5e0e0;}<\/style><div class=\"nav\"><ul class=\"nav-tabs\" role=\"tablist\"><li class=\"active\" role=\"presentation\"><a class=\"tab-link\" data-toggle=\"tab\" role=\"tab\" aria-controls=\"tab-2902d7be9ad4f6ea78c\" aria-selected=\"true\" id=\"fusion-tab-histoire\" href=\"#tab-2902d7be9ad4f6ea78c\"><h4 class=\"fusion-tab-heading\"><i class=\"fontawesome-icon fa-home fas\" aria-hidden=\"true\" style=\"font-size:25px;\"><\/i>Geschichte<\/h4><\/a><\/li><\/ul><\/div><div class=\"tab-content\"><div class=\"nav fusion-mobile-tab-nav\"><ul class=\"nav-tabs\" role=\"tablist\"><li class=\"active\" role=\"presentation\"><a class=\"tab-link\" data-toggle=\"tab\" role=\"tab\" aria-controls=\"tab-2902d7be9ad4f6ea78c\" aria-selected=\"true\" id=\"mobile-fusion-tab-histoire\" href=\"#tab-2902d7be9ad4f6ea78c\"><h4 class=\"fusion-tab-heading\"><i class=\"fontawesome-icon fa-home fas\" aria-hidden=\"true\" style=\"font-size:25px;\"><\/i>Geschichte<\/h4><\/a><\/li><\/ul><\/div><div class=\"tab-pane fade fusion-clearfix in active\" role=\"tabpanel\" tabindex=\"0\" aria-labelledby=\"fusion-tab-histoire\" id=\"tab-2902d7be9ad4f6ea78c\">\n<p><strong>Sainte-Marguerite-sur-Mer<\/strong> ist ein Dorf in der Normandie, das am Rande der Klippen an der Alabasterk\u00fcste liegt.<\/p>\n<p>13 km von Dieppe entfernt; Longueil, Varengeville-sur-Mer und Quiberville-sur-Mer grenzen an ihn.<br \/>Urspr\u00fcnglich bekannt als Caprimont, vom lateinischen capra (Ziege) : Ziegenh\u00fcgel.<br \/>Es wurde nacheinander Quievremont (1319), dann Chievremont (1337), Ch\u00e8vremont (1426) und Sainte-Marguerite de Quievremont (1517) genannt,<br \/>Quievremont sur la Merentre 1503, Ecclesia Sanctae Margaritae de Qui\u00e8vremont 1703, Sainte-Marguerite de Caprimont 1714, Caprimont sur la mer 1726, Sainte-Marguerite de Caprimont 1736, Sainte Marguerite de Caprimont 1715, Sainte-Marguerite de Quevremont vor der Franz\u00f6sischen Revolution und dann Quevremont 1788.<\/p>\n<p>Mit der Revolution wurde die Gemeinde vor\u00fcbergehend in Phare-de-l'Ailly umbenannt.<br \/>Bei der Restaurierung erhielt sie wieder ihren Namen Sainte-Marguerite.<br \/>Es dauerte bis 1953, bis das Pr\u00e4dikat sur-Mer hinzugef\u00fcgt wurde.<\/p>\n<h2>\u00a0<\/h2>\n<h2>R\u00f6mische Urspr\u00fcnge<\/h2>\n<p><img decoding=\"async\" class=\"size-medium wp-image-3214 alignleft\" src=\"https:\/\/www.ste-marguerite-sur-mer.fr\/wp-content\/uploads\/2019\/05\/villa-romaine-sainte-marguerite-sur-mer-300x225.jpg\" alt=\"\" width=\"300\" height=\"225\" srcset=\"https:\/\/www.ste-marguerite-sur-mer.fr\/wp-content\/uploads\/2019\/05\/villa-romaine-sainte-marguerite-sur-mer-200x150.jpg 200w, https:\/\/www.ste-marguerite-sur-mer.fr\/wp-content\/uploads\/2019\/05\/villa-romaine-sainte-marguerite-sur-mer-300x225.jpg 300w, https:\/\/www.ste-marguerite-sur-mer.fr\/wp-content\/uploads\/2019\/05\/villa-romaine-sainte-marguerite-sur-mer-400x300.jpg 400w, https:\/\/www.ste-marguerite-sur-mer.fr\/wp-content\/uploads\/2019\/05\/villa-romaine-sainte-marguerite-sur-mer-600x449.jpg 600w, https:\/\/www.ste-marguerite-sur-mer.fr\/wp-content\/uploads\/2019\/05\/villa-romaine-sainte-marguerite-sur-mer-768x575.jpg 768w, https:\/\/www.ste-marguerite-sur-mer.fr\/wp-content\/uploads\/2019\/05\/villa-romaine-sainte-marguerite-sur-mer-800x599.jpg 800w, https:\/\/www.ste-marguerite-sur-mer.fr\/wp-content\/uploads\/2019\/05\/villa-romaine-sainte-marguerite-sur-mer.jpg 956w\" sizes=\"(max-width: 300px) 100vw, 300px\" \/><\/p>\n<p>Julius C\u00e4sar war der erste, der in Der Gallische Krieg (58 bis 50 v. Chr.) Einzelheiten \u00fcber die Region berichtete.<br \/>Er nennt den Stamm, der in der Region am Meer n\u00f6rdlich der Seine (Belgica) lebt, Kaleten(Durs).<br \/>Die Kaleten, die zweifellos germanischen Ursprungs waren, gaben dem Pays de Caux, Land der Kaleten, ihren Namen.<br \/>Die bedeutendsten \u00dcberreste aus der gallo-r\u00f6mischen Zeit in Seine-Maritime sind die der Villa von Ste-Marguerite am Ort Butte de Nolent (w\u00f6rtlich Schlammh\u00fcgel auf Skandinavisch).<\/p>\n<p>Die St\u00e4tte wurde 1820 von einem Pfl\u00fcger entdeckt, der ein Mosaikfragment freilegte. Sp\u00e4ter wurden noch f\u00fcnf weitere entdeckt; daher der Name, der diesem gegeben wurde: Die Mosaiken.<br \/>Die ersten Ausgrabungen wurden von 1821 bis 1825 durchgef\u00fchrt.<br \/>Von 1840 bis 1847 f\u00fchrten methodischere Forschungen zur Entdeckung einer ganzen 60 m x 45 m gro\u00dfen Villa und ihrer Nebengeb\u00e4ude.<br \/>Es wurde ein Reliefplan angefertigt, der im Museum von Dieppe zu sehen ist.<br \/>Villa ist die lateinische Bezeichnung f\u00fcr ein reiches und gro\u00dfes Haus. Die Villa geh\u00f6rte wahrscheinlich einem Gouverneur, der die K\u00fcste bewachte.<br \/>Zahlreiche \u00dcberreste, die im Laufe des 19. Jahrhunderts am Ufer der Sa\u00e2ne freigelegt wurden - Friedhof, Spuren von H\u00e4usern - deuten darauf hin, dass Ste-Marguerite damals ein wichtiger Ort war (der von C\u00e4sar erw\u00e4hnte portus veneti?).<br \/>War Sainte-Marguerite-sur-Sa\u00e2ne damals ein Hafen? Dies ist anzunehmen, da die r\u00f6mische Stra\u00dfe von Lillebonne (Juliobona), der Hauptstadt der Kaleten, hier vorbeif\u00fchrte, bevor sie weiter nach Dieppe und dar\u00fcber hinaus f\u00fchrte (In Braquemont sind die Erdw\u00e4lle des C\u00e4sarlagers noch sichtbar).<br \/>1868 fasste Abb\u00e9 Cochet, Inspecteur d\u00e9partemental des monuments historiques, die Ergebnisse der verschiedenen Forschungen, die seit der Entdeckung der St\u00e4tte durchgef\u00fchrt wurden, in einem einzigen Werk zusammen; er f\u00fcgte seine eigenen, 1862 begonnenen Forschungen hinzu (Neuauflage des Werks durch Ed. Bertout 1984).<br \/>Heute sind die geretteten Mosaike in Dieppe und Rouen zu sehen und die St\u00e4tte wurde abgedeckt, um Besch\u00e4digungen und Diebst\u00e4hle zu verhindern.<\/p>\n<h2>\u00a0<\/h2>\n<h2>19. August 1942, Ste-Marguerite, Schauplatz der Operationen<\/h2>\n<p>Am Morgen des 19. August landete Lord Lovat, der sich sp\u00e4ter bei der Landung in der Normandie auszeichnen sollte, mit<\/p>\n<p><img decoding=\"async\" class=\"size-medium wp-image-3213 alignright\" src=\"https:\/\/www.ste-marguerite-sur-mer.fr\/wp-content\/uploads\/2019\/05\/guerre-ste-marguerite-sur-mer-300x182.jpg\" alt=\"\" width=\"300\" height=\"182\" srcset=\"https:\/\/www.ste-marguerite-sur-mer.fr\/wp-content\/uploads\/2019\/05\/guerre-ste-marguerite-sur-mer-200x121.jpg 200w, https:\/\/www.ste-marguerite-sur-mer.fr\/wp-content\/uploads\/2019\/05\/guerre-ste-marguerite-sur-mer-300x182.jpg 300w, https:\/\/www.ste-marguerite-sur-mer.fr\/wp-content\/uploads\/2019\/05\/guerre-ste-marguerite-sur-mer-400x243.jpg 400w, https:\/\/www.ste-marguerite-sur-mer.fr\/wp-content\/uploads\/2019\/05\/guerre-ste-marguerite-sur-mer-600x364.jpg 600w, https:\/\/www.ste-marguerite-sur-mer.fr\/wp-content\/uploads\/2019\/05\/guerre-ste-marguerite-sur-mer-768x466.jpg 768w, https:\/\/www.ste-marguerite-sur-mer.fr\/wp-content\/uploads\/2019\/05\/guerre-ste-marguerite-sur-mer-800x485.jpg 800w, https:\/\/www.ste-marguerite-sur-mer.fr\/wp-content\/uploads\/2019\/05\/guerre-ste-marguerite-sur-mer-1024x621.jpg 1024w, https:\/\/www.ste-marguerite-sur-mer.fr\/wp-content\/uploads\/2019\/05\/guerre-ste-marguerite-sur-mer.jpg 1134w\" sizes=\"(max-width: 300px) 100vw, 300px\" \/><\/p>\n<p>sein 4. Kommando am Strand von Ste-Marguerite, der in Orange Beach umbenannt wurde. Die 160 M\u00e4nner, darunter 3 Franzosen, kommen entlang des S\u00e2ane-Tals schnell landeinw\u00e4rts voran. Ziel war es, die starke K\u00fcstenbatterie mit sechs 150-mm-Kanonen, die den Zugang zum Hafen von Dieppe versperrte, zu \u00fcberrennen. Gleichzeitig griffen Mills-Robert - Lovats Stellvertreter - und seine 90 M\u00e4nner frontal durch das Vasterival-Tal an. Beide Gruppen griffen mit Bajonetten an, schalteten die Batterie aus, zerst\u00f6rten die Gesch\u00fctze und gingen zur\u00fcck zum Strand, wo sie mit ihren Gefangenen wieder an Land gingen.<br \/>Ausf\u00fchrungsmodell, dies war die einzige Phase der Operation Jubilee, die wie geplant verlief.<\/p>\n<p>Heute verf\u00fchren die Ruhe und das sanfte Leben in Sainte Marguerite-sur-Mer Natur- und Authentizit\u00e4tsliebhaber.<br \/>Als Ferienzentrum vereint das Dorf Villen, Hotels, Ferienwohnungen, G\u00e4stezimmer, Camping auf dem Bauernhof und Restaurants.<br \/>Der Leuchtturm \u00fcberragt die Pointe de l'Ailly und ihren Wald und bietet einen herrlichen Panoramablick auf das Meer und die umliegende Landschaft.<\/p>\n<\/div><\/div><\/div><div class=\"fusion-clearfix\"><\/div><\/div><\/div><\/div><\/div><\/p>","protected":false},"excerpt":{"rendered":"","protected":false},"author":1,"featured_media":0,"parent":0,"menu_order":0,"comment_status":"closed","ping_status":"closed","template":"","meta":{"footnotes":""},"class_list":["post-2813","page","type-page","status-publish","hentry"],"yoast_head":"<!-- This site is optimized with the Yoast SEO plugin v25.3 - https:\/\/yoast.com\/wordpress\/plugins\/seo\/ -->\n<title>Histoire - Mairie de Sainte-Marguerite Sur Mer<\/title>\n<meta name=\"robots\" content=\"index, follow, max-snippet:-1, max-image-preview:large, max-video-preview:-1\" \/>\n<link rel=\"canonical\" href=\"https:\/\/www.ste-marguerite-sur-mer.fr\/de\/histoire\/\" \/>\n<meta property=\"og:locale\" content=\"de_DE\" \/>\n<meta property=\"og:type\" content=\"article\" \/>\n<meta property=\"og:title\" content=\"Histoire - Mairie de Sainte-Marguerite Sur Mer\" \/>\n<meta property=\"og:url\" content=\"https:\/\/www.ste-marguerite-sur-mer.fr\/de\/histoire\/\" \/>\n<meta property=\"og:site_name\" content=\"Mairie de Sainte-Marguerite Sur Mer\" \/>\n<meta property=\"article:modified_time\" content=\"2025-04-21T09:44:04+00:00\" \/>\n<meta property=\"og:image\" content=\"https:\/\/www.ste-marguerite-sur-mer.fr\/wp-content\/uploads\/2019\/05\/villa-romaine-sainte-marguerite-sur-mer-300x225.jpg\" \/>\n<meta name=\"twitter:card\" content=\"summary_large_image\" \/>\n<meta name=\"twitter:label1\" content=\"Gesch\u00e4tzte Lesezeit\" \/>\n\t<meta name=\"twitter:data1\" content=\"4\u00a0Minuten\" \/>\n<script type=\"application\/ld+json\" class=\"yoast-schema-graph\">{\"@context\":\"https:\/\/schema.org\",\"@graph\":[{\"@type\":\"WebPage\",\"@id\":\"https:\/\/www.ste-marguerite-sur-mer.fr\/histoire\/\",\"url\":\"https:\/\/www.ste-marguerite-sur-mer.fr\/histoire\/\",\"name\":\"Histoire - Mairie de Sainte-Marguerite Sur Mer\",\"isPartOf\":{\"@id\":\"https:\/\/www.ste-marguerite-sur-mer.fr\/#website\"},\"primaryImageOfPage\":{\"@id\":\"https:\/\/www.ste-marguerite-sur-mer.fr\/histoire\/#primaryimage\"},\"image\":{\"@id\":\"https:\/\/www.ste-marguerite-sur-mer.fr\/histoire\/#primaryimage\"},\"thumbnailUrl\":\"https:\/\/www.ste-marguerite-sur-mer.fr\/wp-content\/uploads\/2019\/05\/villa-romaine-sainte-marguerite-sur-mer-300x225.jpg\",\"datePublished\":\"2018-05-31T16:58:37+00:00\",\"dateModified\":\"2025-04-21T09:44:04+00:00\",\"breadcrumb\":{\"@id\":\"https:\/\/www.ste-marguerite-sur-mer.fr\/histoire\/#breadcrumb\"},\"inLanguage\":\"de\",\"potentialAction\":[{\"@type\":\"ReadAction\",\"target\":[\"https:\/\/www.ste-marguerite-sur-mer.fr\/histoire\/\"]}]},{\"@type\":\"ImageObject\",\"inLanguage\":\"de\",\"@id\":\"https:\/\/www.ste-marguerite-sur-mer.fr\/histoire\/#primaryimage\",\"url\":\"https:\/\/www.ste-marguerite-sur-mer.fr\/wp-content\/uploads\/2019\/05\/villa-romaine-sainte-marguerite-sur-mer-300x225.jpg\",\"contentUrl\":\"https:\/\/www.ste-marguerite-sur-mer.fr\/wp-content\/uploads\/2019\/05\/villa-romaine-sainte-marguerite-sur-mer-300x225.jpg\"},{\"@type\":\"BreadcrumbList\",\"@id\":\"https:\/\/www.ste-marguerite-sur-mer.fr\/histoire\/#breadcrumb\",\"itemListElement\":[{\"@type\":\"ListItem\",\"position\":1,\"name\":\"Accueil\",\"item\":\"https:\/\/www.ste-marguerite-sur-mer.fr\/\"},{\"@type\":\"ListItem\",\"position\":2,\"name\":\"Histoire\"}]},{\"@type\":\"WebSite\",\"@id\":\"https:\/\/www.ste-marguerite-sur-mer.fr\/#website\",\"url\":\"https:\/\/www.ste-marguerite-sur-mer.fr\/\",\"name\":\"Mairie de Sainte-Marguerite Sur Mer\",\"description\":\"commune de normandie\",\"potentialAction\":[{\"@type\":\"SearchAction\",\"target\":{\"@type\":\"EntryPoint\",\"urlTemplate\":\"https:\/\/www.ste-marguerite-sur-mer.fr\/?s={search_term_string}\"},\"query-input\":{\"@type\":\"PropertyValueSpecification\",\"valueRequired\":true,\"valueName\":\"search_term_string\"}}],\"inLanguage\":\"de\"}]}<\/script>\n<!-- \/ Yoast SEO plugin. -->","yoast_head_json":{"title":"Histoire - Mairie de Sainte-Marguerite Sur Mer","robots":{"index":"index","follow":"follow","max-snippet":"max-snippet:-1","max-image-preview":"max-image-preview:large","max-video-preview":"max-video-preview:-1"},"canonical":"https:\/\/www.ste-marguerite-sur-mer.fr\/de\/histoire\/","og_locale":"de_DE","og_type":"article","og_title":"Histoire - Mairie de Sainte-Marguerite Sur Mer","og_url":"https:\/\/www.ste-marguerite-sur-mer.fr\/de\/histoire\/","og_site_name":"Mairie de Sainte-Marguerite Sur Mer","article_modified_time":"2025-04-21T09:44:04+00:00","og_image":[{"url":"https:\/\/www.ste-marguerite-sur-mer.fr\/wp-content\/uploads\/2019\/05\/villa-romaine-sainte-marguerite-sur-mer-300x225.jpg","type":"","width":"","height":""}],"twitter_card":"summary_large_image","twitter_misc":{"Gesch\u00e4tzte Lesezeit":"4\u00a0Minuten"},"schema":{"@context":"https:\/\/schema.org","@graph":[{"@type":"WebPage","@id":"https:\/\/www.ste-marguerite-sur-mer.fr\/histoire\/","url":"https:\/\/www.ste-marguerite-sur-mer.fr\/histoire\/","name":"Histoire - Mairie de Sainte-Marguerite Sur Mer","isPartOf":{"@id":"https:\/\/www.ste-marguerite-sur-mer.fr\/#website"},"primaryImageOfPage":{"@id":"https:\/\/www.ste-marguerite-sur-mer.fr\/histoire\/#primaryimage"},"image":{"@id":"https:\/\/www.ste-marguerite-sur-mer.fr\/histoire\/#primaryimage"},"thumbnailUrl":"https:\/\/www.ste-marguerite-sur-mer.fr\/wp-content\/uploads\/2019\/05\/villa-romaine-sainte-marguerite-sur-mer-300x225.jpg","datePublished":"2018-05-31T16:58:37+00:00","dateModified":"2025-04-21T09:44:04+00:00","breadcrumb":{"@id":"https:\/\/www.ste-marguerite-sur-mer.fr\/histoire\/#breadcrumb"},"inLanguage":"de","potentialAction":[{"@type":"ReadAction","target":["https:\/\/www.ste-marguerite-sur-mer.fr\/histoire\/"]}]},{"@type":"ImageObject","inLanguage":"de","@id":"https:\/\/www.ste-marguerite-sur-mer.fr\/histoire\/#primaryimage","url":"https:\/\/www.ste-marguerite-sur-mer.fr\/wp-content\/uploads\/2019\/05\/villa-romaine-sainte-marguerite-sur-mer-300x225.jpg","contentUrl":"https:\/\/www.ste-marguerite-sur-mer.fr\/wp-content\/uploads\/2019\/05\/villa-romaine-sainte-marguerite-sur-mer-300x225.jpg"},{"@type":"BreadcrumbList","@id":"https:\/\/www.ste-marguerite-sur-mer.fr\/histoire\/#breadcrumb","itemListElement":[{"@type":"ListItem","position":1,"name":"Accueil","item":"https:\/\/www.ste-marguerite-sur-mer.fr\/"},{"@type":"ListItem","position":2,"name":"Histoire"}]},{"@type":"WebSite","@id":"https:\/\/www.ste-marguerite-sur-mer.fr\/#website","url":"https:\/\/www.ste-marguerite-sur-mer.fr\/","name":"Mairie de Sainte-Marguerite Sur Mer","description":"commune de normandie","potentialAction":[{"@type":"SearchAction","target":{"@type":"EntryPoint","urlTemplate":"https:\/\/www.ste-marguerite-sur-mer.fr\/?s={search_term_string}"},"query-input":{"@type":"PropertyValueSpecification","valueRequired":true,"valueName":"search_term_string"}}],"inLanguage":"de"}]}},"_links":{"self":[{"href":"https:\/\/www.ste-marguerite-sur-mer.fr\/de\/wp-json\/wp\/v2\/pages\/2813","targetHints":{"allow":["GET"]}}],"collection":[{"href":"https:\/\/www.ste-marguerite-sur-mer.fr\/de\/wp-json\/wp\/v2\/pages"}],"about":[{"href":"https:\/\/www.ste-marguerite-sur-mer.fr\/de\/wp-json\/wp\/v2\/types\/page"}],"author":[{"embeddable":true,"href":"https:\/\/www.ste-marguerite-sur-mer.fr\/de\/wp-json\/wp\/v2\/users\/1"}],"replies":[{"embeddable":true,"href":"https:\/\/www.ste-marguerite-sur-mer.fr\/de\/wp-json\/wp\/v2\/comments?post=2813"}],"version-history":[{"count":3,"href":"https:\/\/www.ste-marguerite-sur-mer.fr\/de\/wp-json\/wp\/v2\/pages\/2813\/revisions"}],"predecessor-version":[{"id":4973,"href":"https:\/\/www.ste-marguerite-sur-mer.fr\/de\/wp-json\/wp\/v2\/pages\/2813\/revisions\/4973"}],"wp:attachment":[{"href":"https:\/\/www.ste-marguerite-sur-mer.fr\/de\/wp-json\/wp\/v2\/media?parent=2813"}],"curies":[{"name":"wp","href":"https:\/\/api.w.org\/{rel}","templated":true}]}}