{"id":2817,"date":"2018-05-31T19:09:23","date_gmt":"2018-05-31T17:09:23","guid":{"rendered":"http:\/\/stemarguerite.hotel-webdesign.com\/?page_id=2817"},"modified":"2022-04-20T09:48:35","modified_gmt":"2022-04-20T07:48:35","slug":"restauration","status":"publish","type":"page","link":"https:\/\/www.ste-marguerite-sur-mer.fr\/de\/restauration\/","title":{"rendered":"Gastronomie"},"content":{"rendered":"<p><div class=\"fusion-fullwidth fullwidth-box fusion-builder-row-1 nonhundred-percent-fullwidth non-hundred-percent-height-scrolling fusion-equal-height-columns\" style=\"background-color: rgba(255,255,255,0);background-position: center center;background-repeat: no-repeat;padding-top:0px;padding-right:30px;padding-bottom:0px;padding-left:30px;margin-bottom: 0px;margin-top: -40px;border-width: 0px 0px 0px 0px;border-color:#e7e4e2;border-style:solid;\" ><div class=\"fusion-builder-row fusion-row\"><div class=\"fusion-layout-column fusion_builder_column fusion-builder-column-0 fusion_builder_column_1_1 1_1 fusion-one-full fusion-column-first fusion-column-last\" style=\"margin-top:10px;margin-bottom:10px;\"><div class=\"fusion-column-wrapper fusion-flex-column-wrapper-legacy\" style=\"background-position:left top;background-repeat:no-repeat;-webkit-background-size:cover;-moz-background-size:cover;-o-background-size:cover;background-size:cover;padding: 0px 0px 0px 0px;\"><div class=\"fusion-column-content-centered\"><div class=\"fusion-column-content\"><div class=\"imageframe-align-center\"><span class=\"fusion-imageframe imageframe-none imageframe-1 hover-type-none fusion-animated\" id=\"blasoncentre\" data-animationtype=\"fadeInDown\" data-animationduration=\"0.3\" data-animationoffset=\"top-into-view\"><img decoding=\"async\" width=\"90\" height=\"99\" title=\"100X100 REWORDKED Blason_Sainte-Marguerite-sur-Mer - Kopie 2\" src=\"https:\/\/www.ste-marguerite-sur-mer.fr\/wp-content\/uploads\/2018\/04\/100X100-REWORDKED-Blason_Sainte-Marguerite-sur-Mer-copie-2.png\" alt class=\"img-responsive wp-image-1946\"\/><\/span><\/div><\/div><\/div><div class=\"fusion-clearfix\"><\/div><\/div><\/div><\/div><\/div>\n<div class=\"fusion-fullwidth fullwidth-box fusion-builder-row-2 nonhundred-percent-fullwidth non-hundred-percent-height-scrolling\" style=\"background-color: rgba(255,255,255,0);background-position: center center;background-repeat: no-repeat;padding-top:0px;padding-right:2%;padding-bottom:2%;padding-left:2%;margin-bottom: 0px;margin-top: 0px;border-width: 0px 0px 0px 0px;border-color:#e7e4e2;border-style:solid;\" ><div class=\"fusion-builder-row fusion-row\"><div class=\"fusion-layout-column fusion_builder_column fusion-builder-column-1 fusion_builder_column_1_1 1_1 fusion-one-full fusion-column-first fusion-column-last\" style=\"margin-top:10px;margin-bottom:10px;\"><div class=\"fusion-column-wrapper fusion-flex-column-wrapper-legacy\" style=\"background-position:left top;background-repeat:no-repeat;-webkit-background-size:cover;-moz-background-size:cover;-o-background-size:cover;background-size:cover;padding: 0px 3% 0px 0px;\"><div class=\"fusion-tabs fusion-tabs-1 classic vertical-tabs icon-position-left mobile-mode-accordion\"><style type=\"text\/css\">.fusion-tabs.fusion-tabs-1 .nav-tabs li a.tab-link{border-top-color:#edebea;background-color:#edebea;}.fusion-tabs.fusion-tabs-1 .nav-tabs{background-color:#ffffff;}.fusion-tabs.fusion-tabs-1 .nav-tabs li.active a.tab-link,.fusion-tabs.fusion-tabs-1 .nav-tabs li.active a.tab-link:hover,.fusion-tabs.fusion-tabs-1 .nav-tabs li.active a.tab-link:focus{border-right-color:#ffffff;}.fusion-tabs.fusion-tabs-1.classic .nav-tabs > li.active .tab-link, .fusion-tabs.fusion-tabs-1.classic .nav-tabs > li.active .tab-link:hover { border-color: #003d66;}.fusion-tabs.fusion-tabs-1 .nav-tabs li.active a.tab-link,.fusion-tabs.fusion-tabs-1 .nav-tabs li.active a.tab-link:hover,.fusion-tabs.fusion-tabs-1 .nav-tabs li.active a.tab-link:focus{background-color:#ffffff;}.fusion-tabs.fusion-tabs-1 .nav-tabs li a:hover{background-color:#ffffff;border-top-color:#ffffff;}.fusion-tabs.fusion-tabs-1 .tab-pane{background-color:#ffffff;}.fusion-tabs.fusion-tabs-1 .nav,.fusion-tabs.fusion-tabs-1 .nav-tabs,.fusion-tabs.fusion-tabs-1 .tab-content .tab-pane{border-color:#e5e0e0;}<\/style><div class=\"nav\"><ul class=\"nav-tabs\" role=\"tablist\"><li class=\"active\" role=\"presentation\"><a class=\"tab-link\" data-toggle=\"tab\" role=\"tab\" aria-controls=\"tab-a5cfac731463e30fcba\" aria-selected=\"true\" id=\"fusion-tab-restauration\" href=\"#tab-a5cfac731463e30fcba\"><h4 class=\"fusion-tab-heading\"><i class=\"fontawesome-icon fa fa-cutlery\" aria-hidden=\"true\" style=\"font-size:25px;\"><\/i>Gastronomie<\/h4><\/a><\/li><li role=\"presentation\"><a class=\"tab-link\" data-toggle=\"tab\" role=\"tab\" aria-controls=\"tab-f6bd95cc447b2297edf\" aria-selected=\"false\" tabindex=\"-1\" id=\"fusion-tab-lesvoiles\" href=\"#tab-f6bd95cc447b2297edf\"><h4 class=\"fusion-tab-heading\"><i class=\"fontawesome-icon fa-home fas\" aria-hidden=\"true\" style=\"font-size:25px;\"><\/i>Les Voiles<\/h4><\/a><\/li><li role=\"presentation\"><a class=\"tab-link\" data-toggle=\"tab\" role=\"tab\" aria-controls=\"tab-8ea76379d5eae3cc645\" aria-selected=\"false\" tabindex=\"-1\" id=\"fusion-tab-lerestaurantd&#039;ailly\" href=\"#tab-8ea76379d5eae3cc645\"><h4 class=\"fusion-tab-heading\"><i class=\"fontawesome-icon fa fa-lightbulb-o\" aria-hidden=\"true\" style=\"font-size:25px;\"><\/i>Das Restaurant in Ailly<\/h4><\/a><\/li><li role=\"presentation\"><a class=\"tab-link\" data-toggle=\"tab\" role=\"tab\" aria-controls=\"tab-a59f66ef1c6aa09b9ed\" aria-selected=\"false\" tabindex=\"-1\" id=\"fusion-tab-restaurantlaterrasse\" href=\"#tab-a59f66ef1c6aa09b9ed\"><h4 class=\"fusion-tab-heading\"><i class=\"fontawesome-icon fa fa-sun-o\" aria-hidden=\"true\" style=\"font-size:25px;\"><\/i>Restaurant La Terrasse<\/h4><\/a><\/li><\/ul><\/div><div class=\"tab-content\"><div class=\"nav fusion-mobile-tab-nav\"><ul class=\"nav-tabs\" role=\"tablist\"><li class=\"active\" role=\"presentation\"><a class=\"tab-link\" data-toggle=\"tab\" role=\"tab\" aria-controls=\"tab-a5cfac731463e30fcba\" aria-selected=\"true\" id=\"mobile-fusion-tab-restauration\" href=\"#tab-a5cfac731463e30fcba\"><h4 class=\"fusion-tab-heading\"><i class=\"fontawesome-icon fa fa-cutlery\" aria-hidden=\"true\" style=\"font-size:25px;\"><\/i>Gastronomie<\/h4><\/a><\/li><\/ul><\/div><div class=\"tab-pane fade fusion-clearfix in active\" role=\"tabpanel\" tabindex=\"0\" aria-labelledby=\"fusion-tab-restauration\" id=\"tab-a5cfac731463e30fcba\">\n<h3 style=\"text-align: center;\">Finden Sie in diesem Abschnitt eine Auswahl an Restaurants auf<br \/>\nSainte Marguerite sur Mer<\/h3>\n<p style=\"text-align: center;\">W\u00e4hlen Sie ein Restaurant mit den Tabs auf der linken Seite aus<\/p>\n<p style=\"text-align: center;\"><img decoding=\"async\" class=\"borderbleuimg alignnone wp-image-2723\" src=\"https:\/\/www.ste-marguerite-sur-mer.fr\/wp-content\/uploads\/2018\/05\/DSC_0291.jpg\" alt=\"\" width=\"479\" height=\"317\" srcset=\"https:\/\/www.ste-marguerite-sur-mer.fr\/wp-content\/uploads\/2018\/05\/DSC_0291-200x132.jpg 200w, https:\/\/www.ste-marguerite-sur-mer.fr\/wp-content\/uploads\/2018\/05\/DSC_0291-300x199.jpg 300w, https:\/\/www.ste-marguerite-sur-mer.fr\/wp-content\/uploads\/2018\/05\/DSC_0291-400x265.jpg 400w, https:\/\/www.ste-marguerite-sur-mer.fr\/wp-content\/uploads\/2018\/05\/DSC_0291-600x397.jpg 600w, https:\/\/www.ste-marguerite-sur-mer.fr\/wp-content\/uploads\/2018\/05\/DSC_0291-768x509.jpg 768w, https:\/\/www.ste-marguerite-sur-mer.fr\/wp-content\/uploads\/2018\/05\/DSC_0291-800x530.jpg 800w, https:\/\/www.ste-marguerite-sur-mer.fr\/wp-content\/uploads\/2018\/05\/DSC_0291-1024x678.jpg 1024w, https:\/\/www.ste-marguerite-sur-mer.fr\/wp-content\/uploads\/2018\/05\/DSC_0291-1200x795.jpg 1200w, https:\/\/www.ste-marguerite-sur-mer.fr\/wp-content\/uploads\/2018\/05\/DSC_0291.jpg 2048w\" sizes=\"(max-width: 479px) 100vw, 479px\" \/><\/p>\n<\/div><div class=\"nav fusion-mobile-tab-nav\"><ul class=\"nav-tabs\" role=\"tablist\"><li role=\"presentation\"><a class=\"tab-link\" data-toggle=\"tab\" role=\"tab\" aria-controls=\"tab-f6bd95cc447b2297edf\" aria-selected=\"false\" tabindex=\"-1\" id=\"mobile-fusion-tab-lesvoiles\" href=\"#tab-f6bd95cc447b2297edf\"><h4 class=\"fusion-tab-heading\"><i class=\"fontawesome-icon fa-home fas\" aria-hidden=\"true\" style=\"font-size:25px;\"><\/i>Les Voiles<\/h4><\/a><\/li><\/ul><\/div><div class=\"tab-pane fade fusion-clearfix\" role=\"tabpanel\" tabindex=\"0\" aria-labelledby=\"fusion-tab-lesvoiles\" id=\"tab-f6bd95cc447b2297edf\">\n<p align=\"justify\"><b>Les Voiles<\/b><\/p>\n<p><img decoding=\"async\" class=\"alignnone size-medium wp-image-3658\" src=\"https:\/\/www.ste-marguerite-sur-mer.fr\/wp-content\/uploads\/2022\/04\/IMG20220412202323-300x225.jpg\" alt=\"\" width=\"300\" height=\"225\" srcset=\"https:\/\/www.ste-marguerite-sur-mer.fr\/wp-content\/uploads\/2022\/04\/IMG20220412202323-200x150.jpg 200w, https:\/\/www.ste-marguerite-sur-mer.fr\/wp-content\/uploads\/2022\/04\/IMG20220412202323-300x225.jpg 300w, https:\/\/www.ste-marguerite-sur-mer.fr\/wp-content\/uploads\/2022\/04\/IMG20220412202323-400x300.jpg 400w, https:\/\/www.ste-marguerite-sur-mer.fr\/wp-content\/uploads\/2022\/04\/IMG20220412202323-600x450.jpg 600w, https:\/\/www.ste-marguerite-sur-mer.fr\/wp-content\/uploads\/2022\/04\/IMG20220412202323-768x576.jpg 768w, https:\/\/www.ste-marguerite-sur-mer.fr\/wp-content\/uploads\/2022\/04\/IMG20220412202323-800x600.jpg 800w, https:\/\/www.ste-marguerite-sur-mer.fr\/wp-content\/uploads\/2022\/04\/IMG20220412202323-1024x768.jpg 1024w, https:\/\/www.ste-marguerite-sur-mer.fr\/wp-content\/uploads\/2022\/04\/IMG20220412202323-1200x900.jpg 1200w, https:\/\/www.ste-marguerite-sur-mer.fr\/wp-content\/uploads\/2022\/04\/IMG20220412202323-1536x1152.jpg 1536w\" sizes=\"(max-width: 300px) 100vw, 300px\" \/><\/p>\n<p>Les Voiles ist als Bar, Lounge und Restaurant direkt auf Holzplanken am Strand eingerichtet und bietet Ihnen warme Gerichte, Snacks, Eis, hei\u00dfe oder kalte Getr\u00e4nke zum Mitnehmen oder zum Genie\u00dfen vor Ort. Sie haben hier immer das Meer im Blick.<\/p>\n<p><strong>Ge\u00f6ffnet vom 1. April bis 31. Oktober\u00a0<\/strong><\/p>\n<\/div><div class=\"nav fusion-mobile-tab-nav\"><ul class=\"nav-tabs\" role=\"tablist\"><li role=\"presentation\"><a class=\"tab-link\" data-toggle=\"tab\" role=\"tab\" aria-controls=\"tab-8ea76379d5eae3cc645\" aria-selected=\"false\" tabindex=\"-1\" id=\"mobile-fusion-tab-lerestaurantd&#039;ailly\" href=\"#tab-8ea76379d5eae3cc645\"><h4 class=\"fusion-tab-heading\"><i class=\"fontawesome-icon fa fa-lightbulb-o\" aria-hidden=\"true\" style=\"font-size:25px;\"><\/i>Das Restaurant in Ailly<\/h4><\/a><\/li><\/ul><\/div><div class=\"tab-pane fade fusion-clearfix\" role=\"tabpanel\" tabindex=\"0\" aria-labelledby=\"fusion-tab-lerestaurantd&#039;ailly\" id=\"tab-8ea76379d5eae3cc645\">\n<h2 align=\"justify\"><\/h2>\n<p><img decoding=\"async\" class=\"borderbleuimg alignright wp-image-2882\" src=\"https:\/\/www.ste-marguerite-sur-mer.fr\/wp-content\/uploads\/2018\/06\/01-300x223.jpg\" alt=\"\" width=\"245\" height=\"182\" srcset=\"https:\/\/www.ste-marguerite-sur-mer.fr\/wp-content\/uploads\/2018\/06\/01-200x149.jpg 200w, https:\/\/www.ste-marguerite-sur-mer.fr\/wp-content\/uploads\/2018\/06\/01-300x223.jpg 300w, https:\/\/www.ste-marguerite-sur-mer.fr\/wp-content\/uploads\/2018\/06\/01-400x298.jpg 400w, https:\/\/www.ste-marguerite-sur-mer.fr\/wp-content\/uploads\/2018\/06\/01.jpg 470w\" sizes=\"(max-width: 245px) 100vw, 245px\" \/><\/p>\n<p align=\"justify\"><b>Restaurant L'AILLY<\/b><\/p>\n<p>Das Restaurant L'Ailly liegt im Herzen des Dorfes gegen\u00fcber der Domaine des Chopi\u00e8res. In einem rustikalen Rahmen k\u00f6nnen Sie hier eine k\u00f6stliche traditionelle K\u00fcche genie\u00dfen.<\/p>\n<p>Ruhetage: Mittwoch und Sonntagabend.<\/p>\n<p>Tel: 02 35 85 17 91<\/p>\n<\/div><div class=\"nav fusion-mobile-tab-nav\"><ul class=\"nav-tabs\" role=\"tablist\"><li role=\"presentation\"><a class=\"tab-link\" data-toggle=\"tab\" role=\"tab\" aria-controls=\"tab-a59f66ef1c6aa09b9ed\" aria-selected=\"false\" tabindex=\"-1\" id=\"mobile-fusion-tab-restaurantlaterrasse\" href=\"#tab-a59f66ef1c6aa09b9ed\"><h4 class=\"fusion-tab-heading\"><i class=\"fontawesome-icon fa fa-sun-o\" aria-hidden=\"true\" style=\"font-size:25px;\"><\/i>Restaurant La Terrasse<\/h4><\/a><\/li><\/ul><\/div><div class=\"tab-pane fade fusion-clearfix\" role=\"tabpanel\" tabindex=\"0\" aria-labelledby=\"fusion-tab-restaurantlaterrasse\" id=\"tab-a59f66ef1c6aa09b9ed\">\n<p align=\"justify\"><b>Restaurant LA TERRASSE<img decoding=\"async\" class=\"borderbleuimg alignright wp-image-2670\" src=\"https:\/\/www.ste-marguerite-sur-mer.fr\/wp-content\/uploads\/2018\/05\/DSC_0469.jpg\" alt=\"\" width=\"221\" height=\"334\" srcset=\"https:\/\/www.ste-marguerite-sur-mer.fr\/wp-content\/uploads\/2018\/05\/DSC_0469-199x300.jpg 199w, https:\/\/www.ste-marguerite-sur-mer.fr\/wp-content\/uploads\/2018\/05\/DSC_0469-200x302.jpg 200w, https:\/\/www.ste-marguerite-sur-mer.fr\/wp-content\/uploads\/2018\/05\/DSC_0469-400x604.jpg 400w, https:\/\/www.ste-marguerite-sur-mer.fr\/wp-content\/uploads\/2018\/05\/DSC_0469-600x906.jpg 600w, https:\/\/www.ste-marguerite-sur-mer.fr\/wp-content\/uploads\/2018\/05\/DSC_0469-678x1024.jpg 678w, https:\/\/www.ste-marguerite-sur-mer.fr\/wp-content\/uploads\/2018\/05\/DSC_0469-768x1160.jpg 768w, https:\/\/www.ste-marguerite-sur-mer.fr\/wp-content\/uploads\/2018\/05\/DSC_0469-800x1208.jpg 800w, https:\/\/www.ste-marguerite-sur-mer.fr\/wp-content\/uploads\/2018\/05\/DSC_0469-1200x1812.jpg 1200w, https:\/\/www.ste-marguerite-sur-mer.fr\/wp-content\/uploads\/2018\/05\/DSC_0469.jpg 1356w\" sizes=\"(max-width: 221px) 100vw, 221px\" \/><\/b><\/p>\n<p>Das Restaurant La Terrasse liegt 300 m vom Strand von Vasterival entfernt und bietet Ihnen verschiedene Gourmetmen\u00fcs, die Sie im Saal mit Panoramablick auf das Meer genie\u00dfen k\u00f6nnen.<\/p>\n<p>Das Restaurant verf\u00fcgt \u00fcber eine Terrasse ,einen Garten und einen Privatparkplatz und kann Sie auch in seinem Hotel mit 22 Zimmern empfangen.<\/p>\n<p>\u00d6ffnungszeiten: 15. M\u00e4rz bis 15. Oktober<\/p>\n<p>Tel: 02 35 85 12 54<br \/>\nFax: 02 35 85 11 70<\/p>\n<p>E-Mail:\u00a0<a href=\"mailto:FRANCOIS.DELAFONTAINE@wanadoo.fr\">FRANCOIS.DELAFONTAINE@wanadoo.fr<\/a><\/p>\n<p>Website :\u00a0<a href=\"http:\/\/www.hotel-restaurant-la-terrasse.com\/\" target=\"_blank\" rel=\"noopener noreferrer\">http:\/\/www.hotel-restaurant-la-terrasse.com<\/a><\/p>\n<\/div><\/div><\/div><div class=\"fusion-clearfix\"><\/div><\/div><\/div><\/div><\/div><\/p>","protected":false},"excerpt":{"rendered":"","protected":false},"author":1,"featured_media":0,"parent":0,"menu_order":0,"comment_status":"closed","ping_status":"closed","template":"","meta":{"footnotes":""},"class_list":["post-2817","page","type-page","status-publish","hentry"],"yoast_head":"<!-- This site is optimized with the Yoast SEO plugin v25.3 - https:\/\/yoast.com\/wordpress\/plugins\/seo\/ -->\n<title>Restauration - Mairie de Sainte-Marguerite Sur Mer<\/title>\n<meta name=\"robots\" content=\"index, follow, max-snippet:-1, max-image-preview:large, max-video-preview:-1\" \/>\n<link rel=\"canonical\" href=\"https:\/\/www.ste-marguerite-sur-mer.fr\/de\/restauration\/\" \/>\n<meta property=\"og:locale\" content=\"de_DE\" \/>\n<meta property=\"og:type\" content=\"article\" \/>\n<meta property=\"og:title\" content=\"Restauration - Mairie de Sainte-Marguerite Sur Mer\" \/>\n<meta property=\"og:url\" content=\"https:\/\/www.ste-marguerite-sur-mer.fr\/de\/restauration\/\" \/>\n<meta property=\"og:site_name\" content=\"Mairie de Sainte-Marguerite Sur Mer\" \/>\n<meta property=\"article:modified_time\" content=\"2022-04-20T07:48:35+00:00\" \/>\n<meta property=\"og:image\" content=\"https:\/\/www.ste-marguerite-sur-mer.fr\/wp-content\/uploads\/2018\/05\/DSC_0291.jpg\" \/>\n<meta name=\"twitter:card\" content=\"summary_large_image\" \/>\n<meta name=\"twitter:label1\" content=\"Gesch\u00e4tzte Lesezeit\" \/>\n\t<meta name=\"twitter:data1\" content=\"2\u00a0Minuten\" \/>\n<script type=\"application\/ld+json\" class=\"yoast-schema-graph\">{\"@context\":\"https:\/\/schema.org\",\"@graph\":[{\"@type\":\"WebPage\",\"@id\":\"https:\/\/www.ste-marguerite-sur-mer.fr\/restauration\/\",\"url\":\"https:\/\/www.ste-marguerite-sur-mer.fr\/restauration\/\",\"name\":\"Restauration - Mairie de Sainte-Marguerite Sur Mer\",\"isPartOf\":{\"@id\":\"https:\/\/www.ste-marguerite-sur-mer.fr\/#website\"},\"primaryImageOfPage\":{\"@id\":\"https:\/\/www.ste-marguerite-sur-mer.fr\/restauration\/#primaryimage\"},\"image\":{\"@id\":\"https:\/\/www.ste-marguerite-sur-mer.fr\/restauration\/#primaryimage\"},\"thumbnailUrl\":\"https:\/\/www.ste-marguerite-sur-mer.fr\/wp-content\/uploads\/2018\/05\/DSC_0291.jpg\",\"datePublished\":\"2018-05-31T17:09:23+00:00\",\"dateModified\":\"2022-04-20T07:48:35+00:00\",\"breadcrumb\":{\"@id\":\"https:\/\/www.ste-marguerite-sur-mer.fr\/restauration\/#breadcrumb\"},\"inLanguage\":\"de\",\"potentialAction\":[{\"@type\":\"ReadAction\",\"target\":[\"https:\/\/www.ste-marguerite-sur-mer.fr\/restauration\/\"]}]},{\"@type\":\"ImageObject\",\"inLanguage\":\"de\",\"@id\":\"https:\/\/www.ste-marguerite-sur-mer.fr\/restauration\/#primaryimage\",\"url\":\"https:\/\/www.ste-marguerite-sur-mer.fr\/wp-content\/uploads\/2018\/05\/DSC_0291.jpg\",\"contentUrl\":\"https:\/\/www.ste-marguerite-sur-mer.fr\/wp-content\/uploads\/2018\/05\/DSC_0291.jpg\"},{\"@type\":\"BreadcrumbList\",\"@id\":\"https:\/\/www.ste-marguerite-sur-mer.fr\/restauration\/#breadcrumb\",\"itemListElement\":[{\"@type\":\"ListItem\",\"position\":1,\"name\":\"Accueil\",\"item\":\"https:\/\/www.ste-marguerite-sur-mer.fr\/\"},{\"@type\":\"ListItem\",\"position\":2,\"name\":\"Restauration\"}]},{\"@type\":\"WebSite\",\"@id\":\"https:\/\/www.ste-marguerite-sur-mer.fr\/#website\",\"url\":\"https:\/\/www.ste-marguerite-sur-mer.fr\/\",\"name\":\"Mairie de Sainte-Marguerite Sur Mer\",\"description\":\"commune de normandie\",\"potentialAction\":[{\"@type\":\"SearchAction\",\"target\":{\"@type\":\"EntryPoint\",\"urlTemplate\":\"https:\/\/www.ste-marguerite-sur-mer.fr\/?s={search_term_string}\"},\"query-input\":{\"@type\":\"PropertyValueSpecification\",\"valueRequired\":true,\"valueName\":\"search_term_string\"}}],\"inLanguage\":\"de\"}]}<\/script>\n<!-- \/ Yoast SEO plugin. -->","yoast_head_json":{"title":"Restauration - Mairie de Sainte-Marguerite Sur Mer","robots":{"index":"index","follow":"follow","max-snippet":"max-snippet:-1","max-image-preview":"max-image-preview:large","max-video-preview":"max-video-preview:-1"},"canonical":"https:\/\/www.ste-marguerite-sur-mer.fr\/de\/restauration\/","og_locale":"de_DE","og_type":"article","og_title":"Restauration - Mairie de Sainte-Marguerite Sur Mer","og_url":"https:\/\/www.ste-marguerite-sur-mer.fr\/de\/restauration\/","og_site_name":"Mairie de Sainte-Marguerite Sur Mer","article_modified_time":"2022-04-20T07:48:35+00:00","og_image":[{"url":"https:\/\/www.ste-marguerite-sur-mer.fr\/wp-content\/uploads\/2018\/05\/DSC_0291.jpg","type":"","width":"","height":""}],"twitter_card":"summary_large_image","twitter_misc":{"Gesch\u00e4tzte Lesezeit":"2\u00a0Minuten"},"schema":{"@context":"https:\/\/schema.org","@graph":[{"@type":"WebPage","@id":"https:\/\/www.ste-marguerite-sur-mer.fr\/restauration\/","url":"https:\/\/www.ste-marguerite-sur-mer.fr\/restauration\/","name":"Restauration - Mairie de Sainte-Marguerite Sur Mer","isPartOf":{"@id":"https:\/\/www.ste-marguerite-sur-mer.fr\/#website"},"primaryImageOfPage":{"@id":"https:\/\/www.ste-marguerite-sur-mer.fr\/restauration\/#primaryimage"},"image":{"@id":"https:\/\/www.ste-marguerite-sur-mer.fr\/restauration\/#primaryimage"},"thumbnailUrl":"https:\/\/www.ste-marguerite-sur-mer.fr\/wp-content\/uploads\/2018\/05\/DSC_0291.jpg","datePublished":"2018-05-31T17:09:23+00:00","dateModified":"2022-04-20T07:48:35+00:00","breadcrumb":{"@id":"https:\/\/www.ste-marguerite-sur-mer.fr\/restauration\/#breadcrumb"},"inLanguage":"de","potentialAction":[{"@type":"ReadAction","target":["https:\/\/www.ste-marguerite-sur-mer.fr\/restauration\/"]}]},{"@type":"ImageObject","inLanguage":"de","@id":"https:\/\/www.ste-marguerite-sur-mer.fr\/restauration\/#primaryimage","url":"https:\/\/www.ste-marguerite-sur-mer.fr\/wp-content\/uploads\/2018\/05\/DSC_0291.jpg","contentUrl":"https:\/\/www.ste-marguerite-sur-mer.fr\/wp-content\/uploads\/2018\/05\/DSC_0291.jpg"},{"@type":"BreadcrumbList","@id":"https:\/\/www.ste-marguerite-sur-mer.fr\/restauration\/#breadcrumb","itemListElement":[{"@type":"ListItem","position":1,"name":"Accueil","item":"https:\/\/www.ste-marguerite-sur-mer.fr\/"},{"@type":"ListItem","position":2,"name":"Restauration"}]},{"@type":"WebSite","@id":"https:\/\/www.ste-marguerite-sur-mer.fr\/#website","url":"https:\/\/www.ste-marguerite-sur-mer.fr\/","name":"Mairie de Sainte-Marguerite Sur Mer","description":"commune de normandie","potentialAction":[{"@type":"SearchAction","target":{"@type":"EntryPoint","urlTemplate":"https:\/\/www.ste-marguerite-sur-mer.fr\/?s={search_term_string}"},"query-input":{"@type":"PropertyValueSpecification","valueRequired":true,"valueName":"search_term_string"}}],"inLanguage":"de"}]}},"_links":{"self":[{"href":"https:\/\/www.ste-marguerite-sur-mer.fr\/de\/wp-json\/wp\/v2\/pages\/2817","targetHints":{"allow":["GET"]}}],"collection":[{"href":"https:\/\/www.ste-marguerite-sur-mer.fr\/de\/wp-json\/wp\/v2\/pages"}],"about":[{"href":"https:\/\/www.ste-marguerite-sur-mer.fr\/de\/wp-json\/wp\/v2\/types\/page"}],"author":[{"embeddable":true,"href":"https:\/\/www.ste-marguerite-sur-mer.fr\/de\/wp-json\/wp\/v2\/users\/1"}],"replies":[{"embeddable":true,"href":"https:\/\/www.ste-marguerite-sur-mer.fr\/de\/wp-json\/wp\/v2\/comments?post=2817"}],"version-history":[{"count":7,"href":"https:\/\/www.ste-marguerite-sur-mer.fr\/de\/wp-json\/wp\/v2\/pages\/2817\/revisions"}],"predecessor-version":[{"id":3660,"href":"https:\/\/www.ste-marguerite-sur-mer.fr\/de\/wp-json\/wp\/v2\/pages\/2817\/revisions\/3660"}],"wp:attachment":[{"href":"https:\/\/www.ste-marguerite-sur-mer.fr\/de\/wp-json\/wp\/v2\/media?parent=2817"}],"curies":[{"name":"wp","href":"https:\/\/api.w.org\/{rel}","templated":true}]}}