{"id":9,"date":"2015-12-02T10:51:51","date_gmt":"2015-12-02T10:51:51","guid":{"rendered":"http:\/\/theme-fusion.com\/avada\/university\/?page_id=9"},"modified":"2025-04-21T11:41:30","modified_gmt":"2025-04-21T09:41:30","slug":"tourisme","status":"publish","type":"page","link":"https:\/\/www.ste-marguerite-sur-mer.fr\/en\/tourisme\/","title":{"rendered":"Tourism"},"content":{"rendered":"<p><div class=\"fusion-fullwidth fullwidth-box fusion-builder-row-1 nonhundred-percent-fullwidth non-hundred-percent-height-scrolling fusion-equal-height-columns\" style=\"background-color: rgba(255,255,255,0);background-position: center center;background-repeat: no-repeat;padding-top:0px;padding-right:30px;padding-bottom:0px;padding-left:30px;margin-bottom: 0px;margin-top: -40px;border-width: 0px 0px 0px 0px;border-color:#e7e4e2;border-style:solid;\" ><div class=\"fusion-builder-row fusion-row\"><div class=\"fusion-layout-column fusion_builder_column fusion-builder-column-0 fusion_builder_column_1_1 1_1 fusion-one-full fusion-column-first fusion-column-last\" style=\"margin-top:10px;margin-bottom:10px;\"><div class=\"fusion-column-wrapper fusion-flex-column-wrapper-legacy\" style=\"background-position:left top;background-repeat:no-repeat;-webkit-background-size:cover;-moz-background-size:cover;-o-background-size:cover;background-size:cover;padding: 0px 0px 0px 0px;\"><div class=\"fusion-column-content-centered\"><div class=\"fusion-column-content\"><div class=\"imageframe-align-center\"><span class=\"fusion-imageframe imageframe-none imageframe-1 hover-type-none fusion-animated\" id=\"blasoncentre\" data-animationtype=\"fadeInDown\" data-animationduration=\"0.3\" data-animationoffset=\"top-into-view\"><img decoding=\"async\" width=\"90\" height=\"99\" title=\"100X100 REWORDKED Blason_Sainte-Marguerite-sur-Mer - copy 2\" src=\"https:\/\/www.ste-marguerite-sur-mer.fr\/wp-content\/uploads\/2018\/04\/100X100-REWORDKED-Blason_Sainte-Marguerite-sur-Mer-copie-2.png\" alt class=\"img-responsive wp-image-1946\"\/><\/span><\/div><\/div><\/div><div class=\"fusion-clearfix\"><\/div><\/div><\/div><\/div><\/div>\n<div class=\"fusion-fullwidth fullwidth-box fusion-builder-row-2 nonhundred-percent-fullwidth non-hundred-percent-height-scrolling\" style=\"background-color: #fffcfc;background-position: left top;background-repeat: no-repeat;padding-top:35px;padding-right:30px;padding-bottom:35px;padding-left:30px;margin-bottom: 0px;margin-top: 0px;border-width: 0px 0px 0px 0px;border-color:#e7e4e2;border-style:solid;\" ><div class=\"fusion-builder-row fusion-row\"><div class=\"fusion-layout-column fusion_builder_column fusion-builder-column-1 fusion_builder_column_1_1 1_1 fusion-one-full fusion-column-first fusion-column-last\" style=\"margin-top:10px;margin-bottom:10px;\"><div class=\"fusion-column-wrapper fusion-flex-column-wrapper-legacy\" style=\"background-position:left top;background-repeat:no-repeat;-webkit-background-size:cover;-moz-background-size:cover;-o-background-size:cover;background-size:cover;padding: 0px 0px 0px 0px;\"><div class=\"fusion-content-boxes content-boxes columns row fusion-columns-5 fusion-columns-total-5 fusion-content-boxes-1 content-boxes-icon-on-top content-left\" data-animationoffset=\"top-into-view\" style=\"margin-top:0px;margin-bottom:60px;\"><style type=\"text\/css\">.fusion-content-boxes-1 .heading .content-box-heading {color:#333c4e;}\n\t\t\t\t\t.fusion-content-boxes-1 .fusion-content-box-hover .link-area-link-icon-hover .heading .content-box-heading,\n\t\t\t\t\t.fusion-content-boxes-1 .fusion-content-box-hover .link-area-link-icon-hover .heading .heading-link .content-box-heading,\n\t\t\t\t\t.fusion-content-boxes-1 .fusion-content-box-hover .link-area-box-hover .heading .content-box-heading,\n\t\t\t\t\t.fusion-content-boxes-1 .fusion-content-box-hover .link-area-box-hover .heading .heading-link .content-box-heading,\n\t\t\t\t\t.fusion-content-boxes-1 .fusion-content-box-hover .link-area-link-icon-hover.link-area-box .fusion-read-more,\n\t\t\t\t\t.fusion-content-boxes-1 .fusion-content-box-hover .link-area-link-icon-hover.link-area-box .fusion-read-more::after,\n\t\t\t\t\t.fusion-content-boxes-1 .fusion-content-box-hover .link-area-link-icon-hover.link-area-box .fusion-read-more::before,\n\t\t\t\t\t.fusion-content-boxes-1 .fusion-content-box-hover .fusion-read-more:hover:after,\n\t\t\t\t\t.fusion-content-boxes-1 .fusion-content-box-hover .fusion-read-more:hover:before,\n\t\t\t\t\t.fusion-content-boxes-1 .fusion-content-box-hover .fusion-read-more:hover,\n\t\t\t\t\t.fusion-content-boxes-1 .fusion-content-box-hover .link-area-box-hover.link-area-box .fusion-read-more,\n\t\t\t\t\t.fusion-content-boxes-1 .fusion-content-box-hover .link-area-box-hover.link-area-box .fusion-read-more::after,\n\t\t\t\t\t.fusion-content-boxes-1 .fusion-content-box-hover .link-area-box-hover.link-area-box .fusion-read-more::before,\n\t\t\t\t\t.fusion-content-boxes-1 .fusion-content-box-hover .link-area-link-icon-hover .icon .circle-no,\n\t\t\t\t\t.fusion-content-boxes-1 .heading .heading-link:hover .content-box-heading {\n\t\t\t\t\t\tcolor: #003366;\n\t\t\t\t\t}\n\t\t\t\t\t.fusion-content-boxes-1 .fusion-content-box-hover .link-area-box-hover .icon .circle-no {\n\t\t\t\t\t\tcolor: #003366 !important;\n\t\t\t\t\t}.fusion-content-boxes-1 .fusion-content-box-hover .link-area-box.link-area-box-hover .fusion-content-box-button {background: rgba(255,255,255,0.2);color: #003366;}.fusion-content-boxes-1 .fusion-content-box-hover .link-area-box.link-area-box-hover .fusion-content-box-button .fusion-button-text {color: #003366;}\n\t\t\t\t\t.fusion-content-boxes-1 .fusion-content-box-hover .link-area-link-icon-hover .heading .icon > span {\n\t\t\t\t\t\tbackground-color: #003366 !important;\n\t\t\t\t\t}\n\t\t\t\t\t.fusion-content-boxes-1 .fusion-content-box-hover .link-area-box-hover .heading .icon > span {\n\t\t\t\t\t\tborder-color: #003366 !important;\n\t\t\t\t\t}<\/style><div class=\"fusion-column content-box-column content-box-column-1 col-lg-2 col-md-2 col-sm-2 fusion-content-box-hover content-box-column-first-in-row\"><div class=\"col content-box-wrapper content-wrapper link-area-box icon-hover-animation-slide\" style=\"background-color:rgba(255,255,255,0);\" data-animationoffset=\"top-into-view\"><div class=\"heading heading-with-icon icon-left\"><div class=\"icon\"><i style=\"border-color:#003366;border-width:1px;background-color:#ffffff;box-sizing:content-box;height:100px;width:100px;line-height:100px;border-radius:50%;color:#003366;font-size:50px;\" aria-hidden=\"true\" class=\"fontawesome-icon fa-star fas circle-yes\"><\/i><\/div><h2 class=\"content-box-heading fusion-responsive-typography-calculated\" style=\"font-size:15px;--fontSize:15;line-height:3.33;\">TO DISCOVER<\/h2><\/div><div class=\"fusion-clearfix\"><\/div><div class=\"content-container\" style=\"color:#003366;\">\n<p style=\"text-align: center;\">Les environs de <span style=\"color: #003366;\">Sainte-Marguerite-sur-Mer<\/span> regorgent de coins magnifiques et de patrimoine \u00e0 d\u00e9couvrir!<\/p>\n<p style=\"text-align: center;\"><div class=\"fusion-align-block\"><style>.fusion-body .fusion-button.button-1{border-radius:0px 0px 0px 0px;}<\/style><a class=\"fusion-button button-flat button-small button-default button-1 fusion-button-default-span fusion-button-default-type\" target=\"_self\" href=\"https:\/\/www.ste-marguerite-sur-mer.fr\/en\/decouvrir-cote-albatre\/\" style=\"width:calc(100%);\"><span class=\"fusion-button-text\">Discover<\/span><\/a><\/div>\n<\/div><\/div><\/div><div class=\"fusion-column content-box-column content-box-column-2 col-lg-2 col-md-2 col-sm-2 fusion-content-box-hover\"><div class=\"col content-box-wrapper content-wrapper link-area-box icon-hover-animation-slide\" style=\"background-color:rgba(255,255,255,0);\" data-animationoffset=\"top-into-view\"><div class=\"heading heading-with-icon icon-left\"><div class=\"icon\"><i style=\"border-color:#003366;border-width:1px;background-color:#ffffff;box-sizing:content-box;height:100px;width:100px;line-height:100px;border-radius:50%;color:#003366;font-size:50px;\" aria-hidden=\"true\" class=\"fontawesome-icon fa fa-university circle-yes\"><\/i><\/div><h2 class=\"content-box-heading fusion-responsive-typography-calculated\" style=\"font-size:15px;--fontSize:15;line-height:3.33;\">HISTORY<\/h2><\/div><div class=\"fusion-clearfix\"><\/div><div class=\"content-container\" style=\"color:#003366;\">\n<p style=\"text-align: center;\">From the Second World War to the present day, discover the highlights of the village's history.<\/p>\n<p style=\"text-align: center;\"><div class=\"fusion-align-block\"><style>.fusion-body .fusion-button.button-2{border-radius:0px 0px 0px 0px;}<\/style><a class=\"fusion-button button-flat button-small button-default button-2 fusion-button-default-span fusion-button-default-type\" target=\"_self\" href=\"https:\/\/www.ste-marguerite-sur-mer.fr\/en\/histoire\/\" style=\"width:calc(100%);\"><span class=\"fusion-button-text\">Discover<\/span><\/a><\/div>\n<\/div><\/div><\/div><div class=\"fusion-column content-box-column content-box-column-3 col-lg-2 col-md-2 col-sm-2 fusion-content-box-hover\"><div class=\"col content-box-wrapper content-wrapper link-area-box icon-hover-animation-slide\" style=\"background-color:rgba(255,255,255,0);\" data-animationoffset=\"top-into-view\"><div class=\"heading heading-with-icon icon-left\"><div class=\"icon\"><i style=\"border-color:#003366;border-width:1px;background-color:#ffffff;box-sizing:content-box;height:100px;width:100px;line-height:100px;border-radius:50%;color:#003366;font-size:50px;\" aria-hidden=\"true\" class=\"fontawesome-icon fa-home fas circle-yes\"><\/i><\/div><h2 class=\"content-box-heading fusion-responsive-typography-calculated\" style=\"font-size:15px;--fontSize:15;line-height:3.33;\">ACCOMMODATION<\/h2><\/div><div class=\"fusion-clearfix\"><\/div><div class=\"content-container\" style=\"color:#003366;\">\n<p style=\"text-align: center;\">D\u00e9couvrez des lieux uniques o\u00f9 s\u00e9journer, \u00e0 <span style=\"color: #003366;\">Sainte-Marguerite-sur-Mer<\/span> ou dans les proches environs.<\/p>\n<p style=\"text-align: center;\"><div class=\"fusion-align-block\"><style>.fusion-body .fusion-button.button-3{border-radius:0px 0px 0px 0px;}<\/style><a class=\"fusion-button button-flat button-small button-default button-3 fusion-button-default-span fusion-button-default-type\" target=\"_self\" href=\"https:\/\/www.ste-marguerite-sur-mer.fr\/en\/hebergements\/\" style=\"width:calc(100%);\"><span class=\"fusion-button-text\">Discover<\/span><\/a><\/div>\n<\/div><\/div><\/div><div class=\"fusion-column content-box-column content-box-column-4 col-lg-2 col-md-2 col-sm-2 fusion-content-box-hover\"><div class=\"col content-box-wrapper content-wrapper link-area-box icon-hover-animation-slide\" style=\"background-color:rgba(255,255,255,0);\" data-animationoffset=\"top-into-view\"><div class=\"heading heading-with-icon icon-left\"><div class=\"icon\"><i style=\"border-color:#003366;border-width:1px;background-color:#ffffff;box-sizing:content-box;height:100px;width:100px;line-height:100px;border-radius:50%;color:#003366;font-size:50px;\" aria-hidden=\"true\" class=\"fontawesome-icon fa-binoculars fas circle-yes\"><\/i><\/div><h2 class=\"content-box-heading fusion-responsive-typography-calculated\" style=\"font-size:15px;--fontSize:15;line-height:3.33;\">ACTIVITIES<\/h2><\/div><div class=\"fusion-clearfix\"><\/div><div class=\"content-container\" style=\"color:#003366;\">\n<p style=\"text-align: center;\">D\u00e9couvrez toutes les activit\u00e9s dont vous pourrez profiter \u00e0 <span style=\"color: #003366;\">Sainte-Marguerite-sur-Mer<\/span> et dans les environs<\/p>\n<p style=\"text-align: center;\"><div class=\"fusion-align-block\"><style>.fusion-body .fusion-button.button-4{border-radius:0px 0px 0px 0px;}<\/style><a class=\"fusion-button button-flat button-small button-default button-4 fusion-button-default-span fusion-button-default-type\" target=\"_self\" href=\"https:\/\/www.ste-marguerite-sur-mer.fr\/en\/activites\/\" style=\"width:calc(100%);\"><span class=\"fusion-button-text\">Discover<\/span><\/a><\/div>\n<\/div><\/div><\/div><div class=\"fusion-column content-box-column content-box-column-5 col-lg-2 col-md-2 col-sm-2 fusion-content-box-hover content-box-column-last content-box-column-last-in-row\"><div class=\"col content-box-wrapper content-wrapper link-area-box icon-hover-animation-slide\" style=\"background-color:rgba(255,255,255,0);\" data-animationoffset=\"top-into-view\"><div class=\"heading heading-with-icon icon-left\"><div class=\"icon\"><i style=\"border-color:#003366;border-width:1px;background-color:#ffffff;box-sizing:content-box;height:100px;width:100px;line-height:100px;border-radius:50%;color:#003366;font-size:50px;\" aria-hidden=\"true\" class=\"fontawesome-icon fa fa-cutlery circle-yes\"><\/i><\/div><h2 class=\"content-box-heading fusion-responsive-typography-calculated\" style=\"font-size:15px;--fontSize:15;line-height:3.33;\">RESTAURATION <\/h2><\/div><div class=\"fusion-clearfix\"><\/div><div class=\"content-container\" style=\"color:#003366;\">\n<p style=\"text-align: center;\">Here is a non-exhaustive list of the best places to eat in Sainte Marguerite sur mer<\/p>\n<p style=\"text-align: center;\"><div class=\"fusion-align-block\"><style>.fusion-body .fusion-button.button-5{border-radius:0px 0px 0px 0px;}<\/style><a class=\"fusion-button button-flat button-small button-default button-5 fusion-button-default-span fusion-button-default-type\" target=\"_self\" href=\"https:\/\/www.ste-marguerite-sur-mer.fr\/en\/restauration\/\" style=\"width:calc(100%);\"><span class=\"fusion-button-text\">Discover<\/span><\/a><\/div>\n<\/div><\/div><\/div><style type=\"text\/css\">\n\t\t\t\t\t\t.fusion-content-boxes-1 .fusion-content-box-hover .heading-link:hover .icon i.circle-yes,\n\t\t\t\t\t\t.fusion-content-boxes-1 .fusion-content-box-hover .link-area-box:hover .heading-link .icon i.circle-yes,\n\t\t\t\t\t\t.fusion-content-boxes-1 .fusion-content-box-hover .link-area-link-icon-hover .heading .icon i.circle-yes,\n\t\t\t\t\t\t.fusion-content-boxes-1 .fusion-content-box-hover .link-area-box-hover .heading .icon i.circle-yes {\n\t\t\t\t\t\t\tbackground-color: #003366 !important;\n\t\t\t\t\t\t\tborder-color: #003366 !important;\n\t\t\t\t\t\t}<\/style><div class=\"fusion-clearfix\"><\/div><\/div><div class=\"fusion-clearfix\"><\/div><\/div><\/div><\/div><\/div><\/p>","protected":false},"excerpt":{"rendered":"","protected":false},"author":1,"featured_media":0,"parent":0,"menu_order":0,"comment_status":"closed","ping_status":"closed","template":"100-width.php","meta":{"footnotes":""},"class_list":["post-9","page","type-page","status-publish","hentry"],"yoast_head":"<!-- This site is optimized with the Yoast SEO plugin v25.3 - https:\/\/yoast.com\/wordpress\/plugins\/seo\/ -->\n<title>Tourisme - Mairie de Sainte-Marguerite Sur Mer<\/title>\n<meta name=\"robots\" content=\"index, follow, max-snippet:-1, max-image-preview:large, max-video-preview:-1\" \/>\n<link rel=\"canonical\" href=\"https:\/\/www.ste-marguerite-sur-mer.fr\/en\/tourisme\/\" \/>\n<meta property=\"og:locale\" content=\"en_US\" \/>\n<meta property=\"og:type\" content=\"article\" \/>\n<meta property=\"og:title\" content=\"Tourisme - Mairie de Sainte-Marguerite Sur Mer\" \/>\n<meta property=\"og:url\" content=\"https:\/\/www.ste-marguerite-sur-mer.fr\/en\/tourisme\/\" \/>\n<meta property=\"og:site_name\" content=\"Mairie de Sainte-Marguerite Sur Mer\" \/>\n<meta property=\"article:modified_time\" content=\"2025-04-21T09:41:30+00:00\" \/>\n<meta name=\"twitter:card\" content=\"summary_large_image\" \/>\n<meta name=\"twitter:label1\" content=\"Est. reading time\" \/>\n\t<meta name=\"twitter:data1\" content=\"4 minutes\" \/>\n<script type=\"application\/ld+json\" class=\"yoast-schema-graph\">{\"@context\":\"https:\/\/schema.org\",\"@graph\":[{\"@type\":\"WebPage\",\"@id\":\"https:\/\/www.ste-marguerite-sur-mer.fr\/tourisme\/\",\"url\":\"https:\/\/www.ste-marguerite-sur-mer.fr\/tourisme\/\",\"name\":\"Tourisme - Mairie de Sainte-Marguerite Sur Mer\",\"isPartOf\":{\"@id\":\"https:\/\/www.ste-marguerite-sur-mer.fr\/#website\"},\"datePublished\":\"2015-12-02T10:51:51+00:00\",\"dateModified\":\"2025-04-21T09:41:30+00:00\",\"breadcrumb\":{\"@id\":\"https:\/\/www.ste-marguerite-sur-mer.fr\/tourisme\/#breadcrumb\"},\"inLanguage\":\"en-US\",\"potentialAction\":[{\"@type\":\"ReadAction\",\"target\":[\"https:\/\/www.ste-marguerite-sur-mer.fr\/tourisme\/\"]}]},{\"@type\":\"BreadcrumbList\",\"@id\":\"https:\/\/www.ste-marguerite-sur-mer.fr\/tourisme\/#breadcrumb\",\"itemListElement\":[{\"@type\":\"ListItem\",\"position\":1,\"name\":\"Accueil\",\"item\":\"https:\/\/www.ste-marguerite-sur-mer.fr\/\"},{\"@type\":\"ListItem\",\"position\":2,\"name\":\"Tourisme\"}]},{\"@type\":\"WebSite\",\"@id\":\"https:\/\/www.ste-marguerite-sur-mer.fr\/#website\",\"url\":\"https:\/\/www.ste-marguerite-sur-mer.fr\/\",\"name\":\"Mairie de Sainte-Marguerite Sur Mer\",\"description\":\"commune de normandie\",\"potentialAction\":[{\"@type\":\"SearchAction\",\"target\":{\"@type\":\"EntryPoint\",\"urlTemplate\":\"https:\/\/www.ste-marguerite-sur-mer.fr\/?s={search_term_string}\"},\"query-input\":{\"@type\":\"PropertyValueSpecification\",\"valueRequired\":true,\"valueName\":\"search_term_string\"}}],\"inLanguage\":\"en-US\"}]}<\/script>\n<!-- \/ Yoast SEO plugin. -->","yoast_head_json":{"title":"Tourisme - Mairie de Sainte-Marguerite Sur Mer","robots":{"index":"index","follow":"follow","max-snippet":"max-snippet:-1","max-image-preview":"max-image-preview:large","max-video-preview":"max-video-preview:-1"},"canonical":"https:\/\/www.ste-marguerite-sur-mer.fr\/en\/tourisme\/","og_locale":"en_US","og_type":"article","og_title":"Tourisme - Mairie de Sainte-Marguerite Sur Mer","og_url":"https:\/\/www.ste-marguerite-sur-mer.fr\/en\/tourisme\/","og_site_name":"Mairie de Sainte-Marguerite Sur Mer","article_modified_time":"2025-04-21T09:41:30+00:00","twitter_card":"summary_large_image","twitter_misc":{"Est. reading time":"4 minutes"},"schema":{"@context":"https:\/\/schema.org","@graph":[{"@type":"WebPage","@id":"https:\/\/www.ste-marguerite-sur-mer.fr\/tourisme\/","url":"https:\/\/www.ste-marguerite-sur-mer.fr\/tourisme\/","name":"Tourisme - Mairie de Sainte-Marguerite Sur Mer","isPartOf":{"@id":"https:\/\/www.ste-marguerite-sur-mer.fr\/#website"},"datePublished":"2015-12-02T10:51:51+00:00","dateModified":"2025-04-21T09:41:30+00:00","breadcrumb":{"@id":"https:\/\/www.ste-marguerite-sur-mer.fr\/tourisme\/#breadcrumb"},"inLanguage":"en-US","potentialAction":[{"@type":"ReadAction","target":["https:\/\/www.ste-marguerite-sur-mer.fr\/tourisme\/"]}]},{"@type":"BreadcrumbList","@id":"https:\/\/www.ste-marguerite-sur-mer.fr\/tourisme\/#breadcrumb","itemListElement":[{"@type":"ListItem","position":1,"name":"Accueil","item":"https:\/\/www.ste-marguerite-sur-mer.fr\/"},{"@type":"ListItem","position":2,"name":"Tourisme"}]},{"@type":"WebSite","@id":"https:\/\/www.ste-marguerite-sur-mer.fr\/#website","url":"https:\/\/www.ste-marguerite-sur-mer.fr\/","name":"Mairie de Sainte-Marguerite Sur Mer","description":"commune de normandie","potentialAction":[{"@type":"SearchAction","target":{"@type":"EntryPoint","urlTemplate":"https:\/\/www.ste-marguerite-sur-mer.fr\/?s={search_term_string}"},"query-input":{"@type":"PropertyValueSpecification","valueRequired":true,"valueName":"search_term_string"}}],"inLanguage":"en-US"}]}},"_links":{"self":[{"href":"https:\/\/www.ste-marguerite-sur-mer.fr\/en\/wp-json\/wp\/v2\/pages\/9","targetHints":{"allow":["GET"]}}],"collection":[{"href":"https:\/\/www.ste-marguerite-sur-mer.fr\/en\/wp-json\/wp\/v2\/pages"}],"about":[{"href":"https:\/\/www.ste-marguerite-sur-mer.fr\/en\/wp-json\/wp\/v2\/types\/page"}],"author":[{"embeddable":true,"href":"https:\/\/www.ste-marguerite-sur-mer.fr\/en\/wp-json\/wp\/v2\/users\/1"}],"replies":[{"embeddable":true,"href":"https:\/\/www.ste-marguerite-sur-mer.fr\/en\/wp-json\/wp\/v2\/comments?post=9"}],"version-history":[{"count":2,"href":"https:\/\/www.ste-marguerite-sur-mer.fr\/en\/wp-json\/wp\/v2\/pages\/9\/revisions"}],"predecessor-version":[{"id":4968,"href":"https:\/\/www.ste-marguerite-sur-mer.fr\/en\/wp-json\/wp\/v2\/pages\/9\/revisions\/4968"}],"wp:attachment":[{"href":"https:\/\/www.ste-marguerite-sur-mer.fr\/en\/wp-json\/wp\/v2\/media?parent=9"}],"curies":[{"name":"wp","href":"https:\/\/api.w.org\/{rel}","templated":true}]}}